{"id":1796,"date":"2014-08-06T14:11:11","date_gmt":"2013-09-16T19:54:11","guid":{"rendered":"http:\/\/178.216.200.219\/?p=1796"},"modified":"2015-10-25T17:29:13","modified_gmt":"2015-10-25T17:29:13","slug":"en-visits-of-representatives-of-ngo-s","status":"publish","type":"page","link":"https:\/\/henrykskarzynski.pl\/?page_id=1796&lang=en","title":{"rendered":"Visits of representatives of NGO&#8217;s"},"content":{"rendered":"<table border=\"0\" cellpadding=\"0\" cellspacing=\"0\"  >\n<tbody>\n<tr>\n<td nowrap=\"nowrap\">\n<p> \t\t\t\t\t<strong>2001 <\/strong><\/p>\n<\/td>\n<td>\n<p> \t\t\t\t\tRyszard Konwerski, the President of Polish Business Club<\/p>\n<\/td>\n<\/tr>\n<tr>\n<td nowrap=\"nowrap\">\n<p> \t\t\t\t\t<strong>2005 <\/strong><\/p>\n<\/td>\n<td>\n<p> \t\t\t\t\tMa\u0142gorzata \u017bak, the President of Polsat Foundation<\/p>\n<\/td>\n<\/tr>\n<tr>\n<td nowrap=\"nowrap\">\n<p> \t\t\t\t\t<strong>2006 <\/strong><\/p>\n<\/td>\n<td>\n<p> \t\t\t\t\tBo\u017cena Walter, the President of the TVN Foundation &bdquo;Nie jeste\u015b sam&rdquo; (&ldquo;You are not alone&rdquo;)<\/p>\n<\/td>\n<\/tr>\n<tr>\n<td nowrap=\"nowrap\"> \t\t\t\t<strong>2011<\/strong><\/td>\n<td> \t\t\t\tHenryka Krzywonos<\/td>\n<\/tr>\n<tr>\n<td nowrap=\"nowrap\"> \t\t\t\t<strong>2013<\/strong><\/td>\n<td> \t\t\t\t<a href=\"\/en\/news\/children-have-awarded-professor-henryk-skarzynski.html\">Henryka Krzywonos<\/a><\/td>\n<\/tr>\n<\/tbody>\n<\/table>\n<p> \t&nbsp;<\/p>\n","protected":false},"excerpt":{"rendered":"<p>2001 Ryszard Konwerski, the President of Polish Business Club 2005 Ma\u0142gorzata \u017bak, the President of Polsat Foundation 2006 Bo\u017cena Walter, the President of the TVN Foundation &bdquo;Nie jeste\u015b sam&rdquo; (&ldquo;You are not alone&rdquo;) 2011 Henryka Krzywonos 2013 Henryka Krzywonos &nbsp;<\/p>\n","protected":false},"author":3,"featured_media":0,"parent":0,"menu_order":45,"comment_status":"closed","ping_status":"closed","template":"","meta":{"footnotes":""},"class_list":["post-1796","page","type-page","status-publish","hentry"],"_links":{"self":[{"href":"https:\/\/henrykskarzynski.pl\/index.php?rest_route=\/wp\/v2\/pages\/1796","targetHints":{"allow":["GET"]}}],"collection":[{"href":"https:\/\/henrykskarzynski.pl\/index.php?rest_route=\/wp\/v2\/pages"}],"about":[{"href":"https:\/\/henrykskarzynski.pl\/index.php?rest_route=\/wp\/v2\/types\/page"}],"author":[{"embeddable":true,"href":"https:\/\/henrykskarzynski.pl\/index.php?rest_route=\/wp\/v2\/users\/3"}],"replies":[{"embeddable":true,"href":"https:\/\/henrykskarzynski.pl\/index.php?rest_route=%2Fwp%2Fv2%2Fcomments&post=1796"}],"version-history":[{"count":0,"href":"https:\/\/henrykskarzynski.pl\/index.php?rest_route=\/wp\/v2\/pages\/1796\/revisions"}],"wp:attachment":[{"href":"https:\/\/henrykskarzynski.pl\/index.php?rest_route=%2Fwp%2Fv2%2Fmedia&parent=1796"}],"curies":[{"name":"wp","href":"https:\/\/api.w.org\/{rel}","templated":true}]}}