{"id":1748,"date":"2014-08-06T14:04:12","date_gmt":"2013-09-16T23:07:57","guid":{"rendered":"http:\/\/178.216.200.219\/?p=1748"},"modified":"2021-01-28T10:27:16","modified_gmt":"2021-01-28T10:27:16","slug":"en-visits-of-polish-scientists","status":"publish","type":"page","link":"https:\/\/henrykskarzynski.pl\/?page_id=1748&lang=en","title":{"rendered":"Visits of Polish scientists"},"content":{"rendered":"<table border=\"0\" cellspacing=\"1\" cellpadding=\"1\">\n<tbody>\n<tr>\n<td><strong>1993<\/strong><\/td>\n<td>Doc. Maria G\u00f3ral\u00f3wna<\/td>\n<\/tr>\n<tr>\n<td><strong>1995<\/strong><\/td>\n<td>Prof. Grzegorz Opolski<\/td>\n<\/tr>\n<tr>\n<td><strong>1995<\/strong><\/td>\n<td>Prof. Stefan Kru\u015b<\/td>\n<\/tr>\n<tr>\n<td><strong>1995<\/strong><\/td>\n<td>Prof. Tadeusz To\u0142\u0142oczko<\/td>\n<\/tr>\n<tr>\n<td><strong>1996<\/strong><\/td>\n<td>Prof. Danuta Gryczy\u0144ska<\/td>\n<\/tr>\n<tr>\n<td><strong>1996<\/strong><\/td>\n<td>Prof. Piotr Zalewski<\/td>\n<\/tr>\n<tr>\n<td><strong>1998<\/strong><\/td>\n<td>Prof. Stefan Kru\u015b<\/td>\n<\/tr>\n<tr>\n<td><strong>2003<\/strong><\/td>\n<td>Prof. Danuta Gryczy\u0144ska<\/td>\n<\/tr>\n<tr>\n<td><strong>2003<\/strong><\/td>\n<td>Prof. Edward Hojan<\/td>\n<\/tr>\n<tr>\n<td><strong>2003<\/strong><\/td>\n<td>Prof. Ryszard Zimak<\/td>\n<\/tr>\n<tr>\n<td><strong>2003<\/strong><\/td>\n<td>Prof. Leszek P\u0105czek<\/td>\n<\/tr>\n<tr>\n<td><strong>2009<\/strong><\/td>\n<td>Prof. W\u0142adys\u0142aw Torbicz<\/td>\n<\/tr>\n<tr>\n<td><strong>2009<\/strong><\/td>\n<td>Prof. Jan Maria W\u00f3jcicki<\/td>\n<\/tr>\n<tr>\n<td><strong>2009<\/strong><\/td>\n<td>Prof. Jan Szmidt<\/td>\n<\/tr>\n<tr>\n<td><strong>2009<\/strong><\/td>\n<td>Prof. Mieczys\u0142aw Szostek<\/td>\n<\/tr>\n<tr>\n<td><strong>2010<\/strong><\/td>\n<td>Prof. Jerzy Woy-Wojciechowski<\/td>\n<\/tr>\n<tr>\n<td><strong>2010<\/strong><\/td>\n<td>Prof. Marek Rogowski<\/td>\n<\/tr>\n<tr>\n<td><strong>2010<\/strong><\/td>\n<td>Prof. Micha\u0142 Kleiber<\/td>\n<\/tr>\n<tr>\n<td><strong>2010<\/strong><\/td>\n<td>Prof. Krzysztof Opolski<\/td>\n<\/tr>\n<tr>\n<td><strong>2010<\/strong><\/td>\n<td>Prof. Jan Schmidt<\/td>\n<\/tr>\n<tr>\n<td><strong>2010<\/strong><\/td>\n<td>Prof. Tadeusz To\u0142\u0142oczko<\/td>\n<\/tr>\n<tr>\n<td><strong>2010<\/strong><\/td>\n<td>Dr Mieczys\u0142aw Szatanek<\/td>\n<\/tr>\n<tr>\n<td><strong>2011<\/strong><\/td>\n<td>Prof. Jan \u0141aszczyk<\/td>\n<\/tr>\n<tr>\n<td><strong>2011<\/strong><\/td>\n<td>Prof. Wojciech Noszczyk<\/td>\n<\/tr>\n<tr>\n<td><strong>2012<\/strong><\/td>\n<td>Prof. Marek Krawczyk<\/td>\n<\/tr>\n<tr>\n<td><strong>2012<\/strong><\/td>\n<td>Prof. Jan Szmidt<\/td>\n<\/tr>\n<tr>\n<td><strong>2012<\/strong><\/td>\n<td>Prof. Witold Ru\u017cy\u0142\u0142o<\/td>\n<\/tr>\n<tr>\n<td><strong>2012<\/strong><\/td>\n<td>Prof. Jerzy Woy-Wojciechowski<\/td>\n<\/tr>\n<tr>\n<td><strong>2012<\/strong><\/td>\n<td>Prof. Micha\u0142 Kleiber<\/td>\n<\/tr>\n<tr>\n<td><strong>2012<\/strong><\/td>\n<td>Prof. Krzysztof Kurzyd\u0142owski<\/td>\n<\/tr>\n<tr>\n<td><strong>2012<\/strong><\/td>\n<td>Prof. Wies\u0142aw L.Nowi\u0144ski<\/td>\n<\/tr>\n<tr>\n<td><strong>2012<\/strong><\/td>\n<td>Prof. Katarzyna Cha\u0142asi\u0144ska-Macukow<\/td>\n<\/tr>\n<tr>\n<td><strong>2012<\/strong><\/td>\n<td>Prof. Alojzy Z.Nowak<\/td>\n<\/tr>\n<tr>\n<td><strong>2012<\/strong><\/td>\n<td>Prof. Marek Krawczyk<\/td>\n<\/tr>\n<tr>\n<td><strong>2013<\/strong><\/td>\n<td>Prof. Krzysztof Szama\u0142ek<\/td>\n<\/tr>\n<tr>\n<td><strong>2013<\/strong><\/td>\n<td>Prof. Leszek Rafalski<\/td>\n<\/tr>\n<\/tbody>\n<\/table>\n<p>&nbsp;<\/p>\n","protected":false},"excerpt":{"rendered":"<p>1993 Doc. Maria G\u00f3ral\u00f3wna 1995 Prof. Grzegorz Opolski 1995 Prof. Stefan Kru\u015b 1995 Prof. Tadeusz To\u0142\u0142oczko 1996 Prof. Danuta Gryczy\u0144ska 1996 Prof. Piotr Zalewski 1998 Prof. Stefan Kru\u015b 2003 Prof. Danuta Gryczy\u0144ska 2003 Prof. Edward Hojan 2003 Prof. Ryszard Zimak ..<\/p>\n<div class=\"reading\"><a href=\"https:\/\/henrykskarzynski.pl\/?page_id=1748&#038;lang=en\">&gt;&gt;&gt;<\/a><\/div>\n","protected":false},"author":3,"featured_media":0,"parent":0,"menu_order":42,"comment_status":"closed","ping_status":"closed","template":"","meta":{"footnotes":""},"class_list":["post-1748","page","type-page","status-publish","hentry"],"_links":{"self":[{"href":"https:\/\/henrykskarzynski.pl\/index.php?rest_route=\/wp\/v2\/pages\/1748","targetHints":{"allow":["GET"]}}],"collection":[{"href":"https:\/\/henrykskarzynski.pl\/index.php?rest_route=\/wp\/v2\/pages"}],"about":[{"href":"https:\/\/henrykskarzynski.pl\/index.php?rest_route=\/wp\/v2\/types\/page"}],"author":[{"embeddable":true,"href":"https:\/\/henrykskarzynski.pl\/index.php?rest_route=\/wp\/v2\/users\/3"}],"replies":[{"embeddable":true,"href":"https:\/\/henrykskarzynski.pl\/index.php?rest_route=%2Fwp%2Fv2%2Fcomments&post=1748"}],"version-history":[{"count":0,"href":"https:\/\/henrykskarzynski.pl\/index.php?rest_route=\/wp\/v2\/pages\/1748\/revisions"}],"wp:attachment":[{"href":"https:\/\/henrykskarzynski.pl\/index.php?rest_route=%2Fwp%2Fv2%2Fmedia&parent=1748"}],"curies":[{"name":"wp","href":"https:\/\/api.w.org\/{rel}","templated":true}]}}