{"id":1654,"date":"2013-11-08T09:29:21","date_gmt":"2013-11-08T09:29:21","guid":{"rendered":"http:\/\/178.216.200.219\/?p=1654"},"modified":"2018-06-29T14:31:31","modified_gmt":"2018-06-29T14:31:31","slug":"scientific-councils-and-journal-s-editing","status":"publish","type":"page","link":"https:\/\/henrykskarzynski.pl\/?page_id=1654&lang=en","title":{"rendered":"Scientific Councils and journal\u2019s editing"},"content":{"rendered":"<h5>Membership in Editor Councils of Polish journals<\/h5>\n<ul>\n<li>Editor-in-Chief of <a href=\"http:\/\/www.nowaaudiofonologia.pl\/\">\u00a0\u201eNowa Audiofonologia\u201d<\/a><\/li>\n<li>Thematic editor of \u201eCz\u0142owiek- Niepe\u0142nosprawno\u015b\u0107 \u2013 Spo\u0142ecze\u0144stwo\u201d<\/li>\n<li>Member of the Scientific Committee of \u201ePrzegl\u0105d Pediatryczny\u201d<\/li>\n<li>Member of the Scientific Council of \u201eWideochirurgia i Inne Techniki Ma\u0142oinwazyjne\u201d<\/li>\n<li>Member of the Programme Council of \u201eMedi Science Polski Biuletyn Medyczny\u201d<\/li>\n<li>Member of the Scientific Council of \u201eAudiofonologia\u201d \u2013 the journal published by Polish Committee of Audiophonology and Polish Scientific Association of Hearing, Voice and Language Communication Disorders<\/li>\n<li>Member of the Programme Council of \u201eS\u0142u\u017cba Zdrowia\u201d<\/li>\n<li>Member of the Advisory Council of \u201eMedyk\u201d<\/li>\n<li>Member of the Advisory Council of \u201eGabinet Prywatny\u201d<\/li>\n<li>Editor-in-Chief of \u201eS\u0142ysz\u0119&#8230;\u201d \u2013 the journal of the Association of the Deaf and Hearing Impaired People Friends \u201cHomo-Homini\u201d and the Institute of Physiology and Pathology of Hearing<\/li>\n<li>Member of the Scientific Council of \u201eZdrowie M\u0119\u017cczyzny\u201d<\/li>\n<\/ul>\n<h5>Membership in Editor Councils of international journals<\/h5>\n<ul>\n<li>Editor-in-Chief of\u00a0<a href=\"http:\/\/www.journalofhearingscience.com\/\"> \u201cJournal of Hearing Science\u201d<\/a><\/li>\n<li>Editor-in-Chief of \u201cCentral and East European Journal of Oto-Rhino-Laryngology and Head and Neck Surgery \u2013 CEEJOHNS\u201d<\/li>\n<li>Member of the Editorial Council of journal published by the Medical University in Grodno<\/li>\n<li>Member of the Editorial Committee of \u201cAmerican Journal of Otology &amp; Neurootology\u201d<\/li>\n<li>Member of the Editorial Council of \u201eThe Journal of International Advanced Otology\u201d<\/li>\n<li>Member of the International Committee \u201cENT-News\u201d (Great Britain)<\/li>\n<\/ul>\n<h5>Reviewer\u2019s activity<\/h5>\n<ul>\n<li>Journal of International Advanced Otology, ISSN: 1308-7649<\/li>\n<li>Int. Journal of Pediatric Otorhinolaryngology, ISSN: 0165-5876<\/li>\n<li>Archives of Medical Science, ISSN: 1734-1922<\/li>\n<li>Eastern Journal Of Medicine, ISSN: 1301-0883<\/li>\n<li>European Archives of Oto-Rhino-Laryngology and Head &amp; Neck, ISSN: 0937-4477<\/li>\n<li>Acta Otolaryngologica, ISSN: 0001-6489<\/li>\n<li>Ear and Hearing, ISSN: 0196-0202<\/li>\n<li>Journal of Hearing Science, ISSN: 2083-389X<\/li>\n<li>Audiofonologia, ISSN: 1425-3089<\/li>\n<li>Otology and Neurology, ISSN: 1531-7129<\/li>\n<li>Przegl\u0105d Pediatryczny, ISSN: 0137-723X, e-ISSN: 2083-5752<\/li>\n<\/ul>\n<p>&nbsp;<\/p>\n","protected":false},"excerpt":{"rendered":"<p>Membership in Editor Councils of Polish journals Editor-in-Chief of \u00a0\u201eNowa Audiofonologia\u201d Thematic editor of \u201eCz\u0142owiek- Niepe\u0142nosprawno\u015b\u0107 \u2013 Spo\u0142ecze\u0144stwo\u201d Member of the Scientific Committee of \u201ePrzegl\u0105d Pediatryczny\u201d Member of the Scientific Council of \u201eWideochirurgia i Inne Techniki Ma\u0142oinwazyjne\u201d Member of the ..<\/p>\n<div class=\"reading\"><a href=\"https:\/\/henrykskarzynski.pl\/?page_id=1654&#038;lang=en\">&gt;&gt;&gt;<\/a><\/div>\n","protected":false},"author":3,"featured_media":0,"parent":0,"menu_order":36,"comment_status":"closed","ping_status":"closed","template":"","meta":{"footnotes":""},"class_list":["post-1654","page","type-page","status-publish","hentry"],"_links":{"self":[{"href":"https:\/\/henrykskarzynski.pl\/index.php?rest_route=\/wp\/v2\/pages\/1654","targetHints":{"allow":["GET"]}}],"collection":[{"href":"https:\/\/henrykskarzynski.pl\/index.php?rest_route=\/wp\/v2\/pages"}],"about":[{"href":"https:\/\/henrykskarzynski.pl\/index.php?rest_route=\/wp\/v2\/types\/page"}],"author":[{"embeddable":true,"href":"https:\/\/henrykskarzynski.pl\/index.php?rest_route=\/wp\/v2\/users\/3"}],"replies":[{"embeddable":true,"href":"https:\/\/henrykskarzynski.pl\/index.php?rest_route=%2Fwp%2Fv2%2Fcomments&post=1654"}],"version-history":[{"count":0,"href":"https:\/\/henrykskarzynski.pl\/index.php?rest_route=\/wp\/v2\/pages\/1654\/revisions"}],"wp:attachment":[{"href":"https:\/\/henrykskarzynski.pl\/index.php?rest_route=%2Fwp%2Fv2%2Fmedia&parent=1654"}],"curies":[{"name":"wp","href":"https:\/\/api.w.org\/{rel}","templated":true}]}}