{"id":1613,"date":"2013-11-08T09:29:21","date_gmt":"2013-11-08T09:29:21","guid":{"rendered":"http:\/\/178.216.200.219\/?p=1613"},"modified":"2018-06-29T14:30:44","modified_gmt":"2018-06-29T14:30:44","slug":"es-rady-naukowe","status":"publish","type":"page","link":"https:\/\/henrykskarzynski.pl\/?page_id=1613&lang=es","title":{"rendered":"Consejos cient\u00edficos y redacciones de revistas"},"content":{"rendered":"<h5>Miembro de redacciones de revistas polacas<\/h5>\n<ul>\n<li>Jefe de Redacci\u00f3n de la revista \u201c<a href=\"http:\/\/www.nowaaudiofonologia.pl\/\">Nueva Audiofonolog\u00eda\u201d<\/a><\/li>\n<li>Editor tem\u00e1tico de la revista cient\u00edfica \u201cHombre-Discapacidad-Sociedad\u201d<\/li>\n<li>Miembro del Comit\u00e9 Cient\u00edfico de la \u201cRevista Pedi\u00e1trica\u201d<\/li>\n<li>Miembro del Consejo Cient\u00edfico del trimestral \u201cVideocirug\u00eda y Otras T\u00e9cnicas Poco Invasivas\u201d<\/li>\n<li>Miembro del Consejo de Programaci\u00f3n \u201cMedi Science Bolet\u00edn M\u00e9dico Polaco\u201d<\/li>\n<li>Miembro del Comit\u00e9 Cient\u00edfico de la revista \u201cAudiofonolog\u00eda\u201d, publicada por el Comit\u00e9 Polaco de Audiofonolog\u00eda y la Sociedad Cient\u00edfica Polaca de Trastornos de Audici\u00f3n, Habla y Comunicaci\u00f3n Ling\u00fc\u00edstica<\/li>\n<li>Miembro del Consejo de Programaci\u00f3n de la revista \u201cSanidad P\u00fablica\u201d<\/li>\n<li>Miembro del Consejo de Consulta de la revista mensual \u201cM\u00e9dico\u201d<\/li>\n<li>Miembro del Consejo de Consulta de la revista mensual \u201cConsultorio Privado\u201d<\/li>\n<li>Jefe de Redacci\u00f3n de la revista mensual \u201cOigo&#8230;\u201d &#8211; la revista de la Sociedad de Amigos de las Personas Sordas y con Discapacidad Auditiva \u201cHombre al Hombre\u201d y el Instituto de Fisiolog\u00eda y Patolog\u00eda Auditiva<\/li>\n<li>Miembro del Consejo Cient\u00edfico de la revista \u201cLa Salud del Hombre\u201d<\/li>\n<\/ul>\n<h5>Miembro de redacciones de revistas internacionales<\/h5>\n<ul>\n<li>Jefe de Redacci\u00f3n <a href=\"http:\/\/www.journalofhearingscience.com\/\">\u201cJournal of Hearing Science\u201d<\/a><\/li>\n<li>Jefe de Redacci\u00f3n del trimestral internacional \u201cCentral and East European Journal of Oto-Rhino-Laryngology and Head and Neck Surgery \u2013 CEEJOHNS\u201d<\/li>\n<li>Miembro del Consejo de Redacci\u00f3n de la Revista de la Universidad M\u00e9dica de Grodno<\/li>\n<li>Miembro del Comit\u00e9 de Redacci\u00f3n de \u201cAmerican Journal of Otology &amp; Neurootology\u201d<\/li>\n<li>Miembro del Consejo de Redacci\u00f3n de \u201cThe Journal of International Advanced Otology\u201d<\/li>\n<li>Miembro del Comit\u00e9 Internacional \u201cENT-News\u201d (Gran Breta\u00f1a)<\/li>\n<\/ul>\n<h5>Actividad cr\u00edtica<\/h5>\n<ul>\n<li>Journal of International Advanced Otology, ISSN: 1308-7649<\/li>\n<li>Int Journal of Pediatric Otorhinolaryngology, ISSN: 0165-5876<\/li>\n<li>Archives of Medical Science, ISSN: 1734-1922<\/li>\n<li>Eastern Journal Of Medicine, ISSN: 1301-0883<\/li>\n<li>European Archives of Oto-Rhino-Laryngology and Head &amp; Neck, ISSN: 0937-4477<\/li>\n<li>Ear and Hearing, ISSN: 0196-0202<\/li>\n<li>Acta Otolaryngologica, ISSN: 0001-6489<\/li>\n<li>Journal of Hearing Science, ISSN: 2083-389X<\/li>\n<li>Audiofonolog\u00eda, ISSN: 1425-3089<\/li>\n<li>Otology and Neurology, ISSN: 1531-7129<\/li>\n<li>Revista Pedi\u00e1trica, ISSN: 0137-723X, e-ISSN: 2083-5752<\/li>\n<\/ul>\n","protected":false},"excerpt":{"rendered":"<p>Miembro de redacciones de revistas polacas Jefe de Redacci\u00f3n de la revista \u201cNueva Audiofonolog\u00eda\u201d Editor tem\u00e1tico de la revista cient\u00edfica \u201cHombre-Discapacidad-Sociedad\u201d Miembro del Comit\u00e9 Cient\u00edfico de la \u201cRevista Pedi\u00e1trica\u201d Miembro del Consejo Cient\u00edfico del trimestral \u201cVideocirug\u00eda y Otras T\u00e9cnicas Poco ..<\/p>\n<div class=\"reading\"><a href=\"https:\/\/henrykskarzynski.pl\/?page_id=1613&#038;lang=es\">&gt;&gt;&gt;<\/a><\/div>\n","protected":false},"author":3,"featured_media":0,"parent":0,"menu_order":36,"comment_status":"closed","ping_status":"closed","template":"","meta":{"footnotes":""},"class_list":["post-1613","page","type-page","status-publish","hentry"],"_links":{"self":[{"href":"https:\/\/henrykskarzynski.pl\/index.php?rest_route=\/wp\/v2\/pages\/1613","targetHints":{"allow":["GET"]}}],"collection":[{"href":"https:\/\/henrykskarzynski.pl\/index.php?rest_route=\/wp\/v2\/pages"}],"about":[{"href":"https:\/\/henrykskarzynski.pl\/index.php?rest_route=\/wp\/v2\/types\/page"}],"author":[{"embeddable":true,"href":"https:\/\/henrykskarzynski.pl\/index.php?rest_route=\/wp\/v2\/users\/3"}],"replies":[{"embeddable":true,"href":"https:\/\/henrykskarzynski.pl\/index.php?rest_route=%2Fwp%2Fv2%2Fcomments&post=1613"}],"version-history":[{"count":0,"href":"https:\/\/henrykskarzynski.pl\/index.php?rest_route=\/wp\/v2\/pages\/1613\/revisions"}],"wp:attachment":[{"href":"https:\/\/henrykskarzynski.pl\/index.php?rest_route=%2Fwp%2Fv2%2Fmedia&parent=1613"}],"curies":[{"name":"wp","href":"https:\/\/api.w.org\/{rel}","templated":true}]}}