{"id":14767,"date":"2015-10-26T11:00:28","date_gmt":"2015-10-19T08:26:42","guid":{"rendered":"http:\/\/178.216.200.219\/?page_id=14767"},"modified":"2015-10-26T21:54:44","modified_gmt":"2015-10-26T21:54:44","slug":"pasje","status":"publish","type":"page","link":"https:\/\/henrykskarzynski.pl\/?page_id=14767&lang=pl","title":{"rendered":"Pasje"},"content":{"rendered":"<div id=\"metaslider-id-15448\" style=\"max-width: 664px; margin: 0 auto;\" class=\"ml-slider-3-108-0 metaslider metaslider-flex metaslider-15448 ml-slider ms-theme-default nav-hidden\" role=\"region\" aria-label=\"Nowy slider\" data-height=\"328\" data-width=\"664\">\n    <div id=\"metaslider_container_15448\">\n        <div id=\"metaslider_15448\">\n            <ul class='slides'>\n                <li style=\"display: block; width: 100%;\" class=\"slide-15436 ms-image \" aria-roledescription=\"slide\" data-date=\"2015-10-26 21:26:00\" data-filename=\"81.png\" data-slide-type=\"image\"><img loading=\"lazy\" decoding=\"async\" width=\"641\" height=\"328\" src=\"https:\/\/henrykskarzynski.pl\/wp-content\/uploads\/2015\/10\/81.png\" class=\"slider-15448 slide-15436 msDefaultImage\" alt=\"\" rel=\"\" title=\"\" srcset=\"https:\/\/henrykskarzynski.pl\/wp-content\/uploads\/2015\/10\/81.png 641w, https:\/\/henrykskarzynski.pl\/wp-content\/uploads\/2015\/10\/81-300x154.png 300w\" sizes=\"auto, (max-width: 641px) 100vw, 641px\" \/><\/li>\n            <\/ul>\n        <\/div>\n        \n    <\/div>\n<\/div>\n<p>Prof. Henryk Skar\u017cy\u0144ski w pracy nigdy nie funkcjonuje od godziny do godziny, tylko tak d\u0142ugo, jak trzeba, dlatego wypoczynek i pasje odgrywaj\u0105 wielk\u0105 rol\u0119. Stara si\u0119 by\u0107 aktywny sportowo. Czasem znajduje troch\u0119 czasu na gr\u0119 w pi\u0142k\u0119 no\u017cn\u0105, je\u017adzi na nartach, r\u00f3wnie\u017c gra w tenisa, cho\u0107 rzadko, bo wymaga to pewnego wysi\u0142ku r\u0119ki i wp\u0142ywa potem na precyzj\u0119 ruch\u00f3w. Bardzo lubi czyta\u0107 dla przyjemno\u015bci &#8211; wtedy si\u0119ga po ksi\u0105\u017ck\u0119 historyczn\u0105. Szczeg\u00f3lne miejsce w Jego otoczeniu zajmuj\u0105 zwierz\u0119ta. Lubi z nimi przebywa\u0107, odpoczywa\u0107 w ich towarzystwie, a nawet czerpa\u0107 od nich energi\u0119.<\/p>\n<p>Pisze wiersze, s\u0142ucha muzyki, kolekcjonuje \u015blimaki. Ta ostatnia pasja sta\u0142a si\u0119 pretekstem do utworzenia \u201eMuzeum \u015alimaka\u201d oraz pobicia Rekordu Guinnessa. W lipcu 2012 roku wynikiem 1377 sztuk rekord ten zosta\u0142 pobity w kategorii \u201eNajwi\u0119kszy zbi\u00f3r przedmiot\u00f3w z podobizn\u0105, wizerunkiem o wygl\u0105dzie \u015blimaka\u201d.<\/p>\n<div id='gallery-1' class='gallery galleryid-14767 gallery-columns-3 gallery-size-thumbnail'><dl class='gallery-item'>\n\t\t\t<dt class='gallery-icon portrait'>\n\t\t\t\t<a href='https:\/\/henrykskarzynski.pl\/?attachment_id=13208&#038;lang=pl'><img loading=\"lazy\" decoding=\"async\" width=\"150\" height=\"150\" src=\"https:\/\/henrykskarzynski.pl\/wp-content\/uploads\/2015\/10\/pasje2-150x150.jpg\" class=\"attachment-thumbnail size-thumbnail\" alt=\"\" srcset=\"https:\/\/henrykskarzynski.pl\/wp-content\/uploads\/2015\/10\/pasje2-150x150.jpg 150w, https:\/\/henrykskarzynski.pl\/wp-content\/uploads\/2015\/10\/pasje2-206x206.jpg 206w, https:\/\/henrykskarzynski.pl\/wp-content\/uploads\/2015\/10\/pasje2-50x50.jpg 50w\" sizes=\"auto, (max-width: 150px) 100vw, 150px\" \/><\/a>\n\t\t\t<\/dt><\/dl><dl class='gallery-item'>\n\t\t\t<dt class='gallery-icon landscape'>\n\t\t\t\t<a href='https:\/\/henrykskarzynski.pl\/?attachment_id=13207&#038;lang=pl'><img loading=\"lazy\" decoding=\"async\" width=\"150\" height=\"150\" src=\"https:\/\/henrykskarzynski.pl\/wp-content\/uploads\/2015\/10\/pasje1-150x150.jpg\" class=\"attachment-thumbnail size-thumbnail\" alt=\"\" srcset=\"https:\/\/henrykskarzynski.pl\/wp-content\/uploads\/2015\/10\/pasje1-150x150.jpg 150w, https:\/\/henrykskarzynski.pl\/wp-content\/uploads\/2015\/10\/pasje1-206x206.jpg 206w, https:\/\/henrykskarzynski.pl\/wp-content\/uploads\/2015\/10\/pasje1-50x50.jpg 50w\" sizes=\"auto, (max-width: 150px) 100vw, 150px\" \/><\/a>\n\t\t\t<\/dt><\/dl><dl class='gallery-item'>\n\t\t\t<dt class='gallery-icon portrait'>\n\t\t\t\t<a href='https:\/\/henrykskarzynski.pl\/?attachment_id=13206&#038;lang=pl'><img loading=\"lazy\" decoding=\"async\" width=\"150\" height=\"150\" src=\"https:\/\/henrykskarzynski.pl\/wp-content\/uploads\/2015\/10\/golebie-150x150.jpg\" class=\"attachment-thumbnail size-thumbnail\" alt=\"\" srcset=\"https:\/\/henrykskarzynski.pl\/wp-content\/uploads\/2015\/10\/golebie-150x150.jpg 150w, https:\/\/henrykskarzynski.pl\/wp-content\/uploads\/2015\/10\/golebie-206x206.jpg 206w, https:\/\/henrykskarzynski.pl\/wp-content\/uploads\/2015\/10\/golebie-50x50.jpg 50w\" sizes=\"auto, (max-width: 150px) 100vw, 150px\" \/><\/a>\n\t\t\t<\/dt><\/dl><br style=\"clear: both\" \/><dl class='gallery-item'>\n\t\t\t<dt class='gallery-icon landscape'>\n\t\t\t\t<a href='https:\/\/henrykskarzynski.pl\/?attachment_id=13201&#038;lang=pl'><img loading=\"lazy\" decoding=\"async\" width=\"150\" height=\"150\" src=\"https:\/\/henrykskarzynski.pl\/wp-content\/uploads\/2015\/10\/DSC_1659-150x150.jpg\" class=\"attachment-thumbnail size-thumbnail\" alt=\"\" srcset=\"https:\/\/henrykskarzynski.pl\/wp-content\/uploads\/2015\/10\/DSC_1659-150x150.jpg 150w, https:\/\/henrykskarzynski.pl\/wp-content\/uploads\/2015\/10\/DSC_1659-206x206.jpg 206w, https:\/\/henrykskarzynski.pl\/wp-content\/uploads\/2015\/10\/DSC_1659-50x50.jpg 50w\" sizes=\"auto, (max-width: 150px) 100vw, 150px\" \/><\/a>\n\t\t\t<\/dt><\/dl><dl class='gallery-item'>\n\t\t\t<dt class='gallery-icon landscape'>\n\t\t\t\t<a href='https:\/\/henrykskarzynski.pl\/?attachment_id=13203&#038;lang=pl'><img loading=\"lazy\" decoding=\"async\" width=\"150\" height=\"150\" src=\"https:\/\/henrykskarzynski.pl\/wp-content\/uploads\/2015\/10\/DSC_1874-150x150.jpg\" class=\"attachment-thumbnail size-thumbnail\" alt=\"\" srcset=\"https:\/\/henrykskarzynski.pl\/wp-content\/uploads\/2015\/10\/DSC_1874-150x150.jpg 150w, https:\/\/henrykskarzynski.pl\/wp-content\/uploads\/2015\/10\/DSC_1874-206x206.jpg 206w, https:\/\/henrykskarzynski.pl\/wp-content\/uploads\/2015\/10\/DSC_1874-50x50.jpg 50w\" sizes=\"auto, (max-width: 150px) 100vw, 150px\" \/><\/a>\n\t\t\t<\/dt><\/dl><dl class='gallery-item'>\n\t\t\t<dt class='gallery-icon landscape'>\n\t\t\t\t<a href='https:\/\/henrykskarzynski.pl\/?attachment_id=13189&#038;lang=pl'><img loading=\"lazy\" decoding=\"async\" width=\"150\" height=\"150\" src=\"https:\/\/henrykskarzynski.pl\/wp-content\/uploads\/2015\/10\/DSC_0192-150x150.jpg\" class=\"attachment-thumbnail size-thumbnail\" alt=\"\" srcset=\"https:\/\/henrykskarzynski.pl\/wp-content\/uploads\/2015\/10\/DSC_0192-150x150.jpg 150w, https:\/\/henrykskarzynski.pl\/wp-content\/uploads\/2015\/10\/DSC_0192-206x206.jpg 206w, https:\/\/henrykskarzynski.pl\/wp-content\/uploads\/2015\/10\/DSC_0192-50x50.jpg 50w\" sizes=\"auto, (max-width: 150px) 100vw, 150px\" \/><\/a>\n\t\t\t<\/dt><\/dl><br style=\"clear: both\" \/><dl class='gallery-item'>\n\t\t\t<dt class='gallery-icon landscape'>\n\t\t\t\t<a href='https:\/\/henrykskarzynski.pl\/?attachment_id=13195&#038;lang=pl'><img loading=\"lazy\" decoding=\"async\" width=\"150\" height=\"150\" src=\"https:\/\/henrykskarzynski.pl\/wp-content\/uploads\/2015\/10\/DSC_1649-150x150.jpg\" class=\"attachment-thumbnail size-thumbnail\" alt=\"\" srcset=\"https:\/\/henrykskarzynski.pl\/wp-content\/uploads\/2015\/10\/DSC_1649-150x150.jpg 150w, https:\/\/henrykskarzynski.pl\/wp-content\/uploads\/2015\/10\/DSC_1649-206x206.jpg 206w, https:\/\/henrykskarzynski.pl\/wp-content\/uploads\/2015\/10\/DSC_1649-50x50.jpg 50w\" sizes=\"auto, (max-width: 150px) 100vw, 150px\" \/><\/a>\n\t\t\t<\/dt><\/dl><dl class='gallery-item'>\n\t\t\t<dt class='gallery-icon landscape'>\n\t\t\t\t<a href='https:\/\/henrykskarzynski.pl\/?attachment_id=13205&#038;lang=pl'><img loading=\"lazy\" decoding=\"async\" width=\"150\" height=\"150\" src=\"https:\/\/henrykskarzynski.pl\/wp-content\/uploads\/2015\/10\/DSC_3916-150x150.jpg\" class=\"attachment-thumbnail size-thumbnail\" alt=\"\" srcset=\"https:\/\/henrykskarzynski.pl\/wp-content\/uploads\/2015\/10\/DSC_3916-150x150.jpg 150w, https:\/\/henrykskarzynski.pl\/wp-content\/uploads\/2015\/10\/DSC_3916-206x206.jpg 206w, https:\/\/henrykskarzynski.pl\/wp-content\/uploads\/2015\/10\/DSC_3916-50x50.jpg 50w\" sizes=\"auto, (max-width: 150px) 100vw, 150px\" \/><\/a>\n\t\t\t<\/dt><\/dl><dl class='gallery-item'>\n\t\t\t<dt class='gallery-icon landscape'>\n\t\t\t\t<a href='https:\/\/henrykskarzynski.pl\/?attachment_id=13197&#038;lang=pl'><img loading=\"lazy\" decoding=\"async\" width=\"150\" height=\"150\" src=\"https:\/\/henrykskarzynski.pl\/wp-content\/uploads\/2015\/10\/DSC_1653-150x150.jpg\" class=\"attachment-thumbnail size-thumbnail\" alt=\"\" srcset=\"https:\/\/henrykskarzynski.pl\/wp-content\/uploads\/2015\/10\/DSC_1653-150x150.jpg 150w, https:\/\/henrykskarzynski.pl\/wp-content\/uploads\/2015\/10\/DSC_1653-206x206.jpg 206w, https:\/\/henrykskarzynski.pl\/wp-content\/uploads\/2015\/10\/DSC_1653-50x50.jpg 50w\" sizes=\"auto, (max-width: 150px) 100vw, 150px\" \/><\/a>\n\t\t\t<\/dt><\/dl><br style=\"clear: both\" \/><dl class='gallery-item'>\n\t\t\t<dt class='gallery-icon landscape'>\n\t\t\t\t<a href='https:\/\/henrykskarzynski.pl\/?attachment_id=13198&#038;lang=pl'><img loading=\"lazy\" decoding=\"async\" width=\"150\" height=\"150\" src=\"https:\/\/henrykskarzynski.pl\/wp-content\/uploads\/2015\/10\/DSC_1654-150x150.jpg\" class=\"attachment-thumbnail size-thumbnail\" alt=\"\" srcset=\"https:\/\/henrykskarzynski.pl\/wp-content\/uploads\/2015\/10\/DSC_1654-150x150.jpg 150w, https:\/\/henrykskarzynski.pl\/wp-content\/uploads\/2015\/10\/DSC_1654-206x206.jpg 206w, https:\/\/henrykskarzynski.pl\/wp-content\/uploads\/2015\/10\/DSC_1654-50x50.jpg 50w\" sizes=\"auto, (max-width: 150px) 100vw, 150px\" \/><\/a>\n\t\t\t<\/dt><\/dl><dl class='gallery-item'>\n\t\t\t<dt class='gallery-icon landscape'>\n\t\t\t\t<a href='https:\/\/henrykskarzynski.pl\/?attachment_id=12291&#038;lang=pl'><img loading=\"lazy\" decoding=\"async\" width=\"150\" height=\"150\" src=\"https:\/\/henrykskarzynski.pl\/wp-content\/uploads\/2015\/10\/DSC-1648-150x150.jpg\" class=\"attachment-thumbnail size-thumbnail\" alt=\"\" srcset=\"https:\/\/henrykskarzynski.pl\/wp-content\/uploads\/2015\/10\/DSC-1648-150x150.jpg 150w, https:\/\/henrykskarzynski.pl\/wp-content\/uploads\/2015\/10\/DSC-1648-206x206.jpg 206w, https:\/\/henrykskarzynski.pl\/wp-content\/uploads\/2015\/10\/DSC-1648-50x50.jpg 50w\" sizes=\"auto, (max-width: 150px) 100vw, 150px\" \/><\/a>\n\t\t\t<\/dt><\/dl><dl class='gallery-item'>\n\t\t\t<dt class='gallery-icon landscape'>\n\t\t\t\t<a href='https:\/\/henrykskarzynski.pl\/?attachment_id=13204&#038;lang=pl'><img loading=\"lazy\" decoding=\"async\" width=\"150\" height=\"150\" src=\"https:\/\/henrykskarzynski.pl\/wp-content\/uploads\/2015\/10\/DSC_3860-150x150.jpg\" class=\"attachment-thumbnail size-thumbnail\" alt=\"\" srcset=\"https:\/\/henrykskarzynski.pl\/wp-content\/uploads\/2015\/10\/DSC_3860-150x150.jpg 150w, https:\/\/henrykskarzynski.pl\/wp-content\/uploads\/2015\/10\/DSC_3860-206x206.jpg 206w, https:\/\/henrykskarzynski.pl\/wp-content\/uploads\/2015\/10\/DSC_3860-50x50.jpg 50w\" sizes=\"auto, (max-width: 150px) 100vw, 150px\" \/><\/a>\n\t\t\t<\/dt><\/dl><br style=\"clear: both\" \/><dl class='gallery-item'>\n\t\t\t<dt class='gallery-icon landscape'>\n\t\t\t\t<a href='https:\/\/henrykskarzynski.pl\/?attachment_id=13193&#038;lang=pl'><img loading=\"lazy\" decoding=\"async\" width=\"150\" height=\"150\" src=\"https:\/\/henrykskarzynski.pl\/wp-content\/uploads\/2015\/10\/DSC_1647-150x150.jpg\" class=\"attachment-thumbnail size-thumbnail\" alt=\"\" srcset=\"https:\/\/henrykskarzynski.pl\/wp-content\/uploads\/2015\/10\/DSC_1647-150x150.jpg 150w, https:\/\/henrykskarzynski.pl\/wp-content\/uploads\/2015\/10\/DSC_1647-206x206.jpg 206w, https:\/\/henrykskarzynski.pl\/wp-content\/uploads\/2015\/10\/DSC_1647-50x50.jpg 50w\" sizes=\"auto, (max-width: 150px) 100vw, 150px\" \/><\/a>\n\t\t\t<\/dt><\/dl><dl class='gallery-item'>\n\t\t\t<dt class='gallery-icon landscape'>\n\t\t\t\t<a href='https:\/\/henrykskarzynski.pl\/?attachment_id=13192&#038;lang=pl'><img loading=\"lazy\" decoding=\"async\" width=\"150\" height=\"150\" src=\"https:\/\/henrykskarzynski.pl\/wp-content\/uploads\/2015\/10\/DSC_1646-150x150.jpg\" class=\"attachment-thumbnail size-thumbnail\" alt=\"\" srcset=\"https:\/\/henrykskarzynski.pl\/wp-content\/uploads\/2015\/10\/DSC_1646-150x150.jpg 150w, https:\/\/henrykskarzynski.pl\/wp-content\/uploads\/2015\/10\/DSC_1646-206x206.jpg 206w, https:\/\/henrykskarzynski.pl\/wp-content\/uploads\/2015\/10\/DSC_1646-50x50.jpg 50w\" sizes=\"auto, (max-width: 150px) 100vw, 150px\" \/><\/a>\n\t\t\t<\/dt><\/dl><dl class='gallery-item'>\n\t\t\t<dt class='gallery-icon portrait'>\n\t\t\t\t<a href='https:\/\/henrykskarzynski.pl\/?attachment_id=13196&#038;lang=pl'><img loading=\"lazy\" decoding=\"async\" width=\"150\" height=\"150\" src=\"https:\/\/henrykskarzynski.pl\/wp-content\/uploads\/2015\/10\/DSC_1652-150x150.jpg\" class=\"attachment-thumbnail size-thumbnail\" alt=\"\" srcset=\"https:\/\/henrykskarzynski.pl\/wp-content\/uploads\/2015\/10\/DSC_1652-150x150.jpg 150w, https:\/\/henrykskarzynski.pl\/wp-content\/uploads\/2015\/10\/DSC_1652-206x206.jpg 206w, https:\/\/henrykskarzynski.pl\/wp-content\/uploads\/2015\/10\/DSC_1652-50x50.jpg 50w\" sizes=\"auto, (max-width: 150px) 100vw, 150px\" \/><\/a>\n\t\t\t<\/dt><\/dl><br style=\"clear: both\" \/><dl class='gallery-item'>\n\t\t\t<dt class='gallery-icon landscape'>\n\t\t\t\t<a href='https:\/\/henrykskarzynski.pl\/?attachment_id=13202&#038;lang=pl'><img loading=\"lazy\" decoding=\"async\" width=\"150\" height=\"150\" src=\"https:\/\/henrykskarzynski.pl\/wp-content\/uploads\/2015\/10\/DSC_1662-150x150.jpg\" class=\"attachment-thumbnail size-thumbnail\" alt=\"\" srcset=\"https:\/\/henrykskarzynski.pl\/wp-content\/uploads\/2015\/10\/DSC_1662-150x150.jpg 150w, https:\/\/henrykskarzynski.pl\/wp-content\/uploads\/2015\/10\/DSC_1662-206x206.jpg 206w, https:\/\/henrykskarzynski.pl\/wp-content\/uploads\/2015\/10\/DSC_1662-50x50.jpg 50w\" sizes=\"auto, (max-width: 150px) 100vw, 150px\" \/><\/a>\n\t\t\t<\/dt><\/dl><dl class='gallery-item'>\n\t\t\t<dt class='gallery-icon landscape'>\n\t\t\t\t<a href='https:\/\/henrykskarzynski.pl\/?attachment_id=13199&#038;lang=pl'><img loading=\"lazy\" decoding=\"async\" width=\"150\" height=\"150\" src=\"https:\/\/henrykskarzynski.pl\/wp-content\/uploads\/2015\/10\/DSC_1656-150x150.jpg\" class=\"attachment-thumbnail size-thumbnail\" alt=\"\" srcset=\"https:\/\/henrykskarzynski.pl\/wp-content\/uploads\/2015\/10\/DSC_1656-150x150.jpg 150w, https:\/\/henrykskarzynski.pl\/wp-content\/uploads\/2015\/10\/DSC_1656-206x206.jpg 206w, https:\/\/henrykskarzynski.pl\/wp-content\/uploads\/2015\/10\/DSC_1656-50x50.jpg 50w\" sizes=\"auto, (max-width: 150px) 100vw, 150px\" \/><\/a>\n\t\t\t<\/dt><\/dl><dl class='gallery-item'>\n\t\t\t<dt class='gallery-icon portrait'>\n\t\t\t\t<a href='https:\/\/henrykskarzynski.pl\/?attachment_id=13200&#038;lang=pl'><img loading=\"lazy\" decoding=\"async\" width=\"150\" height=\"150\" src=\"https:\/\/henrykskarzynski.pl\/wp-content\/uploads\/2015\/10\/DSC_1658-150x150.jpg\" class=\"attachment-thumbnail size-thumbnail\" alt=\"\" srcset=\"https:\/\/henrykskarzynski.pl\/wp-content\/uploads\/2015\/10\/DSC_1658-150x150.jpg 150w, https:\/\/henrykskarzynski.pl\/wp-content\/uploads\/2015\/10\/DSC_1658-206x206.jpg 206w, https:\/\/henrykskarzynski.pl\/wp-content\/uploads\/2015\/10\/DSC_1658-50x50.jpg 50w\" sizes=\"auto, (max-width: 150px) 100vw, 150px\" \/><\/a>\n\t\t\t<\/dt><\/dl><br style=\"clear: both\" \/>\n\t\t<\/div>\n\n","protected":false},"excerpt":{"rendered":"<p>Prof. Henryk Skar\u017cy\u0144ski w pracy nigdy nie funkcjonuje od godziny do godziny, tylko tak d\u0142ugo, jak trzeba, dlatego wypoczynek i pasje odgrywaj\u0105 wielk\u0105 rol\u0119. Stara si\u0119 by\u0107 aktywny sportowo. Czasem znajduje troch\u0119 czasu na gr\u0119 w pi\u0142k\u0119 no\u017cn\u0105, je\u017adzi na ..<\/p>\n<div class=\"reading\"><a href=\"https:\/\/henrykskarzynski.pl\/?page_id=14767&#038;lang=pl\">&gt;&gt;&gt;<\/a><\/div>\n","protected":false},"author":3,"featured_media":0,"parent":0,"menu_order":24,"comment_status":"closed","ping_status":"closed","template":"","meta":{"footnotes":""},"class_list":["post-14767","page","type-page","status-publish","hentry"],"_links":{"self":[{"href":"https:\/\/henrykskarzynski.pl\/index.php?rest_route=\/wp\/v2\/pages\/14767","targetHints":{"allow":["GET"]}}],"collection":[{"href":"https:\/\/henrykskarzynski.pl\/index.php?rest_route=\/wp\/v2\/pages"}],"about":[{"href":"https:\/\/henrykskarzynski.pl\/index.php?rest_route=\/wp\/v2\/types\/page"}],"author":[{"embeddable":true,"href":"https:\/\/henrykskarzynski.pl\/index.php?rest_route=\/wp\/v2\/users\/3"}],"replies":[{"embeddable":true,"href":"https:\/\/henrykskarzynski.pl\/index.php?rest_route=%2Fwp%2Fv2%2Fcomments&post=14767"}],"version-history":[{"count":0,"href":"https:\/\/henrykskarzynski.pl\/index.php?rest_route=\/wp\/v2\/pages\/14767\/revisions"}],"wp:attachment":[{"href":"https:\/\/henrykskarzynski.pl\/index.php?rest_route=%2Fwp%2Fv2%2Fmedia&parent=14767"}],"curies":[{"name":"wp","href":"https:\/\/api.w.org\/{rel}","templated":true}]}}