{"id":14749,"date":"2015-10-19T08:10:08","date_gmt":"2015-10-19T08:10:08","guid":{"rendered":"http:\/\/178.216.200.219\/?page_id=14749"},"modified":"2024-11-04T13:56:47","modified_gmt":"2024-11-04T13:56:47","slug":"dzialalnosc-spoleczna","status":"publish","type":"page","link":"https:\/\/henrykskarzynski.pl\/?page_id=14749&lang=pl","title":{"rendered":"Dzia\u0142alno\u015b\u0107 spo\u0142eczna"},"content":{"rendered":"<div class=\"su-accordion su-u-trim\">\n<div class=\"su-spoiler su-spoiler-style-fancy su-spoiler-icon-plus su-spoiler-closed\" data-scroll-offset=\"0\" data-anchor-in-url=\"no\"><div class=\"su-spoiler-title\" tabindex=\"0\" role=\"button\"><span class=\"su-spoiler-icon\"><\/span>Rady i redakcje czasopism<\/div><div class=\"su-spoiler-content su-u-clearfix su-u-trim\">\n<h5>Cz\u0142onkostwo w radach redakcyjnych czasopism polskich<\/h5>\n<ul>\n<li>redaktor naczelny czasopisma &#8222;Biuletyn Informacyjny Rady G\u0142\u00f3wnej Instytut\u00f3w Badawczych&#8221;<\/li>\n<li>redaktor naczelny czasopisma<a href=\"http:\/\/www.nowaaudiofonologia.pl\"> \u201eNowa Audiofonologia\u201d<\/a><\/li>\n<li>redaktor tematyczny czasopisma naukowego \u201eCz\u0142owiek \u2013 Niepe\u0142nosprawno\u015b\u0107 \u2013 Spo\u0142ecze\u0144stwo\u201d<\/li>\n<li>cz\u0142onek Komitetu Naukowego \u201ePrzegl\u0105du Pediatrycznego\u201d<\/li>\n<li>cz\u0142onek Rady Naukowej kwartalnika \u201eWideochirurgia i Inne Techniki Ma\u0142oinwazyjne\u201d<\/li>\n<li>cz\u0142onek Rady Programowej \u201eMedi Science Polski Biuletyn Medyczny\u201d<\/li>\n<li>cz\u0142onek Komitetu Naukowego czasopisma \u201eAudiofonologia\u201d \u2013 wydawanego przez Polski Komitet Audiofonologii i Polskie Towarzystwo Naukowe Zaburze\u0144 S\u0142uchu, G\u0142osu i Komunikacji J\u0119zykowej<\/li>\n<li>cz\u0142onek Rady Programowej czasopisma \u201eS\u0142u\u017cba Zdrowia\u201d<\/li>\n<li>cz\u0142onek Rady Konsultacyjnej miesi\u0119cznika \u201eMedyk\u201d<\/li>\n<li>cz\u0142onek Rady Konsultacyjnej miesi\u0119cznika \u201eGabinet Prywatny\u201d<\/li>\n<li>redaktor naczelny miesi\u0119cznika \u201eS\u0142ysz\u0119\u201d \u2013 czasopisma Stowarzyszenia Przyjaci\u00f3\u0142 Os\u00f3b Nies\u0142ysz\u0105cych i Niedos\u0142ysz\u0105cych \u201eCz\u0142owiek \u2013 Cz\u0142owiekowi\u201d i Instytutu Fizjologii i Patologii S\u0142uchu<\/li>\n<li>cz\u0142onek Rady Naukowej czasopisma \u201eZdrowie M\u0119\u017cczyzny\u201d<\/li>\n<\/ul>\n<h5>Cz\u0142onkostwo w radach redakcyjnych czasopism zagranicznych<\/h5>\n<ul>\n<li>cz\u0142onek Rady Redakcyjnej Czasopisma Grodzie\u0144skiego Uniwersytetu Medycznego<\/li>\n<li>redaktor naczelny <a href=\"http:\/\/www.journalofhearingscience.com\">&#8222;Journal of Hearing Science\u201d<\/a><\/li>\n<li>cz\u0142onek Rady Redakcyjnej Czasopisma Grodzie\u0144skiego Uniwersytetu Medycznego<\/li>\n<li>cz\u0142onek Komitetu Redakcyjnego \u201cAmerican Journal of Otology &amp; Neurootology\u201d<\/li>\n<li>cz\u0142onek Rady Redakcyjnej \u201eThe Journal of International Advanced Otology\u201d<\/li>\n<li>redaktor Naczelny mi\u0119dzynarodowego kwartalnika \u201cCentral and East European Journalof Oto-Rhino-Laryngology and Head and Neck Surgery \u2013 CEEJOHNS\u201d<\/li>\n<li>cz\u0142onek Mi\u0119dzynarodowego Komitetu \u201cENT-News\u201d (W. Brytania)<\/li>\n<\/ul>\n<h5>Dzia\u0142alno\u015b\u0107 recenzencka<\/h5>\n<ul>\n<li>Journal of International Advanced Otology, ISSN: 1308-7649<\/li>\n<li>Int Journal of Pediatric Otorhinolaryngology, ISSN: 0165-5876<\/li>\n<li>Archives of Medical Science, ISSN: 1734-1922<\/li>\n<li>Eastern Journal Of Medicine, ISSN: 1301-0883<\/li>\n<li>European Archives of Oto-Rhino-Laryngology and Head &amp; Neck, ISSN: 0937-4477<\/li>\n<li>Ear and Hearing, ISSN: 0196-0202<\/li>\n<li>Acta Otolaryngologica, ISSN: 0001-6489<\/li>\n<li>Journal of Hearing Science, ISSN: 2083-389X<\/li>\n<li>Audiofonologia, ISSN: 1425-3089<\/li>\n<li>Otology and Neurology, ISSN: 1531-7129<\/li>\n<li>Przegl\u0105d Pediatryczny, ISSN: 0137-723X, e-ISSN: 2083-5752<\/li>\n<\/ul>\n<\/div><\/div>\n<div class=\"su-spoiler su-spoiler-style-fancy su-spoiler-icon-plus su-spoiler-closed\" data-scroll-offset=\"0\" data-anchor-in-url=\"no\"><div class=\"su-spoiler-title\" tabindex=\"0\" role=\"button\"><span class=\"su-spoiler-icon\"><\/span>Cz\u0142onkostwo w zagranicznych towarzystwach, komitetach i radach naukowych<\/div><div class=\"su-spoiler-content su-u-clearfix su-u-trim\">\n<table style=\"height: 17px;\" cellspacing=\"1\" cellpadding=\"1\">\n<tbody>\n<tr style=\"height: 17px;\">\n<td style=\"height: 17px;\" width=\"125\">od 2023<\/td>\n<td style=\"height: 17px;\">cz\u0142onek Honorowy Polish-American Medical Society (PAMS)<\/td>\n<\/tr>\n<tr style=\"height: 17px;\">\n<td style=\"height: 17px;\" width=\"125\">od 2019<\/td>\n<td style=\"height: 17px;\">cz\u0142onek honorowy The ORL Danube Society<\/td>\n<\/tr>\n<tr>\n<td width=\"125\">od 2018<\/td>\n<td>cz\u0142onek za\u0142o\u017cyciel World Hearing Forum przy WHO<\/td>\n<\/tr>\n<tr style=\"height: 17px;\">\n<td style=\"height: 17px;\" width=\"125\">od 2018<\/td>\n<td style=\"height: 17px;\">cz\u0142onek European Academy of Sciences and Arts (Academia Scientiarum et Artium Europea)<\/td>\n<\/tr>\n<tr>\n<td>od 2016<\/td>\n<td>cz\u0142onek International Society for Telemedicine and eHealth (ISfTeH)<\/td>\n<\/tr>\n<tr>\n<td>od 2015<\/td>\n<td>cz\u0142onek American Neurotology Society (ANS) \u2013 jako pierwszy cz\u0142onek z Polski<\/td>\n<\/tr>\n<tr>\n<td>od 2013<\/td>\n<td>cz\u0142onek American Cochlear Implant (ACI) Alliance<\/td>\n<\/tr>\n<tr>\n<td>od 2013<\/td>\n<td>cz\u0142onek Mediterranean Society of Otology and Audiology<\/td>\n<\/tr>\n<tr>\n<td>od 2012<\/td>\n<td>American Otological Society (AOS) \u2013 jako pierwszy cz\u0142onek z Polski jednego z dw\u00f3ch najstarszych (od 1868 r.) ameryka\u0144skich towarzystw medycznych<\/td>\n<\/tr>\n<tr>\n<td>od 2012<\/td>\n<td>cz\u0142onek i doradca Society for Middle-Ear Disease (SMED)<\/td>\n<\/tr>\n<tr>\n<td>od 2012<\/td>\n<td>cz\u0142onek Neurootological and Equilibriometric Society<\/td>\n<\/tr>\n<tr>\n<td>2011<\/td>\n<td>prezydent European Federation of Audiology Societies (EFAS)<\/td>\n<\/tr>\n<tr>\n<td>od 2010<\/td>\n<td>cz\u0142onek Politzer Society<\/td>\n<\/tr>\n<tr>\n<td>od 2009<\/td>\n<td>cz\u0142onek honorowy Kuba\u0144skiego Towarzystwa Otolaryngologii i Chirurgii G\u0142owy i Szyi<\/td>\n<\/tr>\n<tr>\n<td>od 2009<\/td>\n<td>cz\u0142onek International Academy of Otolaryngology (IAO)<\/td>\n<\/tr>\n<tr>\n<td>2009\u20132014<\/td>\n<td>cz\u0142onek zarz\u0105du European Academy of Otology and Neuro-Otology (EAONO)<\/td>\n<\/tr>\n<tr>\n<td>od 2008<\/td>\n<td>cz\u0142onek za\u0142o\u017cyciel Hearring Group<\/td>\n<\/tr>\n<tr>\n<td>od 2007<\/td>\n<td>cz\u0142onek International Society of Audiology (ISA)<\/td>\n<\/tr>\n<tr>\n<td>od 2006<\/td>\n<td>cz\u0142onek European Society of Magnetic Resonance in Medicine<\/td>\n<\/tr>\n<tr>\n<td>od 2005<\/td>\n<td>cz\u0142onek European Society for Artificial Organs<\/td>\n<\/tr>\n<tr>\n<td>2004\u20132019<\/td>\n<td>Przedstawiciel Polski w European Federation of Audiology Societies (EFAS)<\/td>\n<\/tr>\n<tr>\n<td>od 2002<\/td>\n<td>cz\u0142onek European Federation of Audiology Societies (EFAS)<\/td>\n<\/tr>\n<tr>\n<td>od 1999<\/td>\n<td>cz\u0142onek International Evoked Response Audiometry Study Group (IERASG)<\/td>\n<\/tr>\n<tr>\n<td>od 1998<\/td>\n<td>cz\u0142onek za\u0142o\u017cyciel European Academy of Otology and Neuro-Otology (EAONO)<\/td>\n<\/tr>\n<tr>\n<td>od 1998<\/td>\n<td>cz\u0142onek honorowy S\u0142owackiego Towarzystwa Otolaryngologii i Chirurgii G\u0142owy i Szyi<\/td>\n<\/tr>\n<tr>\n<td>od 1996<\/td>\n<td>cz\u0142onek Association for Research in Otolaryngology (ARO)<\/td>\n<\/tr>\n<tr>\n<td>od 1995<\/td>\n<td>cz\u0142onek American Tinnitus Association (ATA)<\/td>\n<\/tr>\n<tr>\n<td>od 1995<\/td>\n<td>cz\u0142onek New York Academy of Science<\/td>\n<\/tr>\n<tr>\n<td>od 1994<\/td>\n<td>cz\u0142onek American Academy of Audiology (AAA)<\/td>\n<\/tr>\n<tr>\n<td>od 1994<\/td>\n<td>cz\u0142onek Collegium Oto-Rhino-Laryngologicum Amicitiae Sacrum (CORLAS)<\/td>\n<\/tr>\n<tr>\n<td>od 1994<\/td>\n<td>doradca naukowy Fundacji Pomocy Dzieciom z Uszkodzeniami S\u0142uchu FANDA w Buenos Aires w Argentynie<\/td>\n<\/tr>\n<tr>\n<td>od 1990<\/td>\n<td>cz\u0142onek European Association of the Tissue Banks (EATB)<\/td>\n<\/tr>\n<\/tbody>\n<\/table>\n<\/div><\/div>\n<div class=\"su-spoiler su-spoiler-style-fancy su-spoiler-icon-plus su-spoiler-closed\" data-scroll-offset=\"0\" data-anchor-in-url=\"no\"><div class=\"su-spoiler-title\" tabindex=\"0\" role=\"button\"><span class=\"su-spoiler-icon\"><\/span>Cz\u0142onkostwo i funkcje w krajowych towarzystwach i komitetach, komisjach, radach, zespo\u0142ach eksperckich i innych gremiach naukowych<\/div><div class=\"su-spoiler-content su-u-clearfix su-u-trim\">\n<table style=\"height: 17px;\" cellspacing=\"1\" cellpadding=\"1\">\n<tbody>\n<tr style=\"height: 17px;\">\n<td style=\"height: 17px;\" width=\"125\">od 2023<\/td>\n<td style=\"height: 17px;\">cz\u0142onek honorowy Polskiego Towarzystwa Nowotwor\u00f3w G\u0142owy i Szyi<\/td>\n<\/tr>\n<tr style=\"height: 17px;\">\n<td style=\"height: 17px;\" width=\"125\">od 2023<\/td>\n<td style=\"height: 17px;\">cz\u0142onek Rady Naukowej Pa\u0144stwowego Instytutu Medycznego MSWiA<\/td>\n<\/tr>\n<tr style=\"height: 17px;\">\n<td style=\"height: 17px;\" width=\"125\">2022\u20132026<\/td>\n<td style=\"height: 17px;\">delegat na okr\u0119gowe zjazdy lekarzy Okr\u0119gowej Izby Lekarskiej w Warszawie<\/td>\n<\/tr>\n<tr style=\"height: 17px;\">\n<td style=\"height: 17px;\" width=\"125\">2022\u20132025<\/td>\n<td style=\"height: 17px;\">wiceprzewodnicz\u0105cy Kapitu\u0142y Polskiego God\u0142a Promocyjnego \u201eTeraz Polska\u201d<\/td>\n<\/tr>\n<tr style=\"height: 17px;\">\n<td style=\"height: 17px;\" width=\"125\">2022\u20132024<\/td>\n<td style=\"height: 17px;\">przewodnicz\u0105cy XI kadencji Rady G\u0142\u00f3wnej Instytut\u00f3w Badawczych<\/td>\n<\/tr>\n<tr style=\"height: 17px;\">\n<td style=\"height: 17px;\" width=\"125\">2022<\/td>\n<td style=\"height: 17px;\">cz\u0142onek Rady Programowej Forum Ochrony Zdrowia<\/td>\n<\/tr>\n<tr style=\"height: 17px;\">\n<td style=\"height: 17px;\" width=\"125\">2021\u20132027<\/td>\n<td style=\"height: 17px;\">cz\u0142onek Komitetu ds. Umowy Partnerstwa<\/td>\n<\/tr>\n<tr style=\"height: 17px;\">\n<td style=\"height: 17px;\" width=\"125\">2021\u20132024<\/td>\n<td style=\"height: 17px;\">cz\u0142onek Rady Programowej Centrum Studi\u00f3w Zaawansowanych Politechniki Warszawskiej<\/td>\n<\/tr>\n<tr style=\"height: 17px;\">\n<td style=\"height: 17px;\" width=\"125\">od 2021<\/td>\n<td style=\"height: 17px;\">cz\u0142onek Kapitu\u0142y Nagrody Gospodarczej Prezydenta RP<\/td>\n<\/tr>\n<tr style=\"height: 17px;\">\n<td style=\"height: 17px;\" width=\"125\">od 2020<\/td>\n<td style=\"height: 17px;\">cz\u0142onek Komitetu Biocybernetyki i In\u017cynierii Biomedycznej PAN<\/td>\n<\/tr>\n<tr>\n<td width=\"125\">2020\u20132023<\/td>\n<td>wiceprzewodnicz\u0105cy Komitetu Nauk Klinicznych PAN<\/td>\n<\/tr>\n<tr>\n<td>od 2020<\/td>\n<td>przewodnicz\u0105cy Rady Fundacji \u201ePro Polonia\u201d<\/td>\n<\/tr>\n<tr>\n<td>od 2020<\/td>\n<td>przewodnicz\u0105cy Rady Uczelni Uniwersytetu Kardyna\u0142a Stefana Wyszy\u0144skiego<\/td>\n<\/tr>\n<tr>\n<td>od 2020<\/td>\n<td>cz\u0142onek Rady Ekspert\u00f3w przy Rzeczniku Praw Pacjenta<\/td>\n<\/tr>\n<tr>\n<td>od 2019<\/td>\n<td>przewodnicz\u0105cy Rady Programowej Kongresu \u201eZdrowie Polak\u00f3w\u201d<\/td>\n<\/tr>\n<tr>\n<td>od 2019<\/td>\n<td>cz\u0142onek korespondent Polskiej Akademii Nauk<\/td>\n<\/tr>\n<tr>\n<td>2019\u20132022<\/td>\n<td>cz\u0142onek kapitu\u0142y Polskiego God\u0142a Promocyjnego \u201eTeraz Polska\u201d<\/td>\n<\/tr>\n<tr>\n<td>od 2019<\/td>\n<td>cz\u0142onek honorowy Polskiego Towarzystwa Lekarskiego \u201ePleno Titulo\u201d<\/td>\n<\/tr>\n<tr>\n<td>2019\u20132020<\/td>\n<td>przewodnicz\u0105cy Rady Uczelni Akademii Pedagogiki Specjalnej im. Marii Grzegorzewskiej w Warszawie<\/td>\n<\/tr>\n<tr>\n<td>2018\u20132022<\/td>\n<td>delegat na okr\u0119gowe zjazdy lekarzy Okr\u0119gowej Izby Lekarskiej w Warszawie<\/td>\n<\/tr>\n<tr>\n<td>od 2018<\/td>\n<td>cz\u0142onek Rady Naukowej Narodowego Instytutu Geriatrii, Reumatologii i Rehabilitacji im. prof. dr hab. med. Eleonory Reicher<\/td>\n<\/tr>\n<tr>\n<td>od 2018<\/td>\n<td>przewodnicz\u0105cy i za\u0142o\u017cyciel Fundacji \u201ePo Pierwsze Zdrowie\u201d<\/td>\n<\/tr>\n<tr>\n<td>od 2017<\/td>\n<td>przewodnicz\u0105cy Zarz\u0105du G\u0142\u00f3wnego Polskiego Towarzystwa Otolaryngolog\u00f3w Dzieci\u0119cych<\/td>\n<\/tr>\n<tr>\n<td>od 2016<\/td>\n<td>cz\u0142onek Rady Naukowej G\u0142\u00f3wnej Biblioteki Lekarskiej im. Stanis\u0142awa Konopki<\/td>\n<\/tr>\n<tr>\n<td>od 2016<\/td>\n<td>cz\u0142onek Rady Honorowej Fundacji JESTEM OPTYMIST\u0104<\/td>\n<\/tr>\n<tr>\n<td>2016\u20132020<\/td>\n<td>cz\u0142onek Rady Programowej Centrum Studi\u00f3w Zaawansowanych Politechniki Warszawskiej<\/td>\n<\/tr>\n<tr>\n<td>2016\u20132020<\/td>\n<td>cz\u0142onek Rady ds. Polityki Senioralnej w Ministerstwie Rodziny, Pracy i Polityki Spo\u0142ecznej<\/td>\n<\/tr>\n<tr>\n<td>2013\u20132022<\/td>\n<td>wiceprzewodnicz\u0105cy Rady G\u0142\u00f3wnej Instytut\u00f3w Badawczych<\/td>\n<\/tr>\n<tr>\n<td>2012\u20132020<\/td>\n<td>cz\u0142onek Centralnej Komisji ds. Stopni i Tytu\u0142\u00f3w Naukowych<\/td>\n<\/tr>\n<tr>\n<td>od 2011<\/td>\n<td>konsultant krajowy w dziedzinie otorynolaryngologii<\/td>\n<\/tr>\n<tr>\n<td>od 2011<\/td>\n<td>przewodnicz\u0105cy Pa\u0144stwowej Komisji Egzaminacyjnej w dziedzinie otorynolaryngologii<\/td>\n<\/tr>\n<tr>\n<td>od 2011<\/td>\n<td>przewodnicz\u0105cy komisji przygotowuj\u0105cej program specjalizacji z dziedziny otorynolaryngologii<\/td>\n<\/tr>\n<tr>\n<td>od 2011 r.<\/td>\n<td>ekspert Agencji Oceny Technologii Medycznych i Taryfikacji (AOTMiT)<\/td>\n<\/tr>\n<tr>\n<td>2011\u20132020<\/td>\n<td>przewodnicz\u0105cy Komitetu Nauk Klinicznych PAN<\/td>\n<\/tr>\n<tr>\n<td>2010\u20132013<\/td>\n<td>cz\u0142onek Naczelnej Rady Lekarskiej<\/td>\n<\/tr>\n<tr>\n<td>2010\u20132012<\/td>\n<td>przewodnicz\u0105cy Pa\u0144stwowej Komisji Egzaminacyjnej w dziedzinie surdologopedii<\/td>\n<\/tr>\n<tr>\n<td>2010\u20132011<\/td>\n<td>przewodnicz\u0105cy komisji przygotowuj\u0105cych programy specjalizacji z dziedzin neurologopedii i surdologopedii<\/td>\n<\/tr>\n<tr>\n<td>od 2010<\/td>\n<td>cz\u0142onek honorowy Polskiego Towarzystwa Otolaryngolog\u00f3w Chirurg\u00f3w G\u0142owy i Szyi<\/td>\n<\/tr>\n<tr>\n<td>od 2010<\/td>\n<td>za\u0142o\u017cyciel Fundacji Profesora Henryka Skar\u017cy\u0144skiego \u201eS\u0142ysz\u0119\u201d<\/td>\n<\/tr>\n<tr>\n<td>2010\u20132018<\/td>\n<td>przewodnicz\u0105cy i cz\u0142onek Sekcji Audiologicznej Polskiego Towarzystwa Otorynolaryngolog\u00f3w Chirurg\u00f3w G\u0142owy i Szyi<\/td>\n<\/tr>\n<tr>\n<td>2008\u20132011<\/td>\n<td>przewodnicz\u0105cy Pa\u0144stwowej Komisji Egzaminacyjnej w dziedzinie neurologopedii<\/td>\n<\/tr>\n<tr>\n<td>2007\u20132012<\/td>\n<td>przewodnicz\u0105cy Komisji Patofizjologii S\u0142uchu, Mowy i Zaburze\u0144 Komunikacyjnych PAN<\/td>\n<\/tr>\n<tr>\n<td>2007\u20132011<\/td>\n<td>konsultant krajowy w dziedzinie audiologii i foniatrii<\/td>\n<\/tr>\n<tr>\n<td>2007\u20132011<\/td>\n<td>przewodnicz\u0105cy Pa\u0144stwowej Komisji Egzaminacyjnej w dziedzinie audiologii i foniatrii<\/td>\n<\/tr>\n<tr>\n<td>2007\u20132010<\/td>\n<td>przewodnicz\u0105cy Komitetu Patofizjologii Klinicznej PAN<\/td>\n<\/tr>\n<tr>\n<td>od 2006<\/td>\n<td>cz\u0142onek Rady Naukowej Fundacji Orange<\/td>\n<\/tr>\n<tr>\n<td>2006\u20132020<\/td>\n<td>cz\u0142onek Rady Naukowej przy Ministrze Zdrowia<\/td>\n<\/tr>\n<tr>\n<td>od 2002<\/td>\n<td>cz\u0142onek Rady Programowej Polskiego Towarzystwa Audioprotetyk\u00f3w<\/td>\n<\/tr>\n<tr>\n<td>2002\u20132018<\/td>\n<td>cz\u0142onek Rady Wydzia\u0142u Wokalnego Uniwersytetu Muzycznego Fryderyka Chopina<\/td>\n<\/tr>\n<tr>\n<td>od 2000<\/td>\n<td>prezydent Fundacji \u201eAkademia Polskiego Sukcesu\u201d<\/td>\n<\/tr>\n<tr>\n<td>od 1999<\/td>\n<td>cz\u0142onek Polskiego Towarzystwa Chirurgii Podstawy Czaszki<\/td>\n<\/tr>\n<tr>\n<td>1999\u20132002<\/td>\n<td>cz\u0142onek Rady Naukowej Centrum Medycznego Kszta\u0142cenia Podyplomowego<\/td>\n<\/tr>\n<tr>\n<td>od 1998<\/td>\n<td>cz\u0142onek za\u0142o\u017cyciel Polskiego Towarzystwa In\u017cynierii Biomedycznej<\/td>\n<\/tr>\n<tr>\n<td>od 1998<\/td>\n<td>cz\u0142onek zespo\u0142u ekspert\u00f3w Ministra Zdrowia ds. akredytacji jednostek ubiegaj\u0105cych si\u0119 o mo\u017cliwo\u015b\u0107 prowadzenia specjalizacji z audiologii i foniatrii<\/td>\n<\/tr>\n<tr>\n<td>1998\u20132001<\/td>\n<td>konsultant krajowy w dziedzinie audiologii i foniatrii<\/td>\n<\/tr>\n<tr>\n<td>1998\u20132001<\/td>\n<td>przewodnicz\u0105cy Pa\u0144stwowej Komisji Egzaminacyjnej w dziedzinie audiologii i foniatrii<\/td>\n<\/tr>\n<tr>\n<td>od 1996<\/td>\n<td>cz\u0142onek za\u0142o\u017cyciel i przewodnicz\u0105cy Polskiego Towarzystwa Naukowego Zaburze\u0144 S\u0142uchu, G\u0142osu i Komunikacji J\u0119zykowej<\/td>\n<\/tr>\n<tr>\n<td>1996\u20132007<\/td>\n<td>cz\u0142onek Komitetu Akustyki PAN<\/td>\n<\/tr>\n<tr>\n<td>1994\u20131998<\/td>\n<td>specjalista krajowy ds. audiologii<\/td>\n<\/tr>\n<tr>\n<td>1994\u20131998<\/td>\n<td>przewodnicz\u0105cy Pa\u0144stwowej Komisji Egzaminacyjnej w dziedzinie audiologii<\/td>\n<\/tr>\n<tr>\n<td>1994\u20131998<\/td>\n<td>cz\u0142onek Pa\u0144stwowej Komisji Egzaminacyjnej ds. Foniatrii<\/td>\n<\/tr>\n<tr>\n<td>od 1993<\/td>\n<td>przewodnicz\u0105cy Rady Stowarzyszenia Przyjaci\u00f3\u0142 Os\u00f3b Nies\u0142ysz\u0105cych i Niedos\u0142ysz\u0105cych \u201eCz\u0142owiek \u2013 Cz\u0142owiekowi\u201d<\/td>\n<\/tr>\n<tr>\n<td>od 1990<\/td>\n<td>cz\u0142onek i przewodnicz\u0105cy Rady Fundacji Rozwoju Medycyny \u201eHomo \u2013 Homini\u201d<\/td>\n<\/tr>\n<tr>\n<td>1989\u20132000<\/td>\n<td>cz\u0142onek Rady I Wydzia\u0142u Lekarskiego Warszawskiego Uniwersytetu Medycznego<\/td>\n<\/tr>\n<tr>\n<td>1989\u20132019<\/td>\n<td>cz\u0142onek w\u0142adz Oddzia\u0142u Warszawskiego, Zarz\u0105du G\u0142\u00f3wnego, G\u0142\u00f3wnej Komisji Rewizyjnej, przewodnicz\u0105cy i cz\u0142onek Zarz\u0105du Sekcji Audiologicznej w Polskim Towarzystwie Otorynolaryngolog\u00f3w Chirurg\u00f3w G\u0142owy i Szyi<\/td>\n<\/tr>\n<\/tbody>\n<\/table>\n<p>&nbsp;<\/p>\n<\/div><\/div>\n<\/div>\n<div id=\"metaslider-id-15430\" style=\"max-width: 664px; margin: 0 auto;\" class=\"ml-slider-3-108-0 metaslider metaslider-flex metaslider-15430 ml-slider ms-theme-default nav-hidden\" role=\"region\" aria-label=\"Dzia\u0142. spo\u0142.\" data-height=\"328\" data-width=\"664\">\n    <div id=\"metaslider_container_15430\">\n        <div id=\"metaslider_15430\">\n            <ul class='slides'>\n                <li style=\"display: block; width: 100%;\" class=\"slide-15437 ms-image \" aria-roledescription=\"slide\" data-date=\"2015-10-26 21:26:16\" data-filename=\"91.png\" data-slide-type=\"image\"><img loading=\"lazy\" decoding=\"async\" width=\"628\" height=\"328\" src=\"https:\/\/henrykskarzynski.pl\/wp-content\/uploads\/2015\/10\/91.png\" class=\"slider-15430 slide-15437 msDefaultImage\" alt=\"\" rel=\"\" title=\"\" srcset=\"https:\/\/henrykskarzynski.pl\/wp-content\/uploads\/2015\/10\/91.png 628w, https:\/\/henrykskarzynski.pl\/wp-content\/uploads\/2015\/10\/91-300x157.png 300w\" sizes=\"auto, (max-width: 628px) 100vw, 628px\" \/><\/li>\n            <\/ul>\n        <\/div>\n        \n    <\/div>\n<\/div>\n","protected":false},"excerpt":{"rendered":"","protected":false},"author":3,"featured_media":0,"parent":0,"menu_order":4,"comment_status":"closed","ping_status":"closed","template":"","meta":{"footnotes":""},"class_list":["post-14749","page","type-page","status-publish","hentry"],"_links":{"self":[{"href":"https:\/\/henrykskarzynski.pl\/index.php?rest_route=\/wp\/v2\/pages\/14749","targetHints":{"allow":["GET"]}}],"collection":[{"href":"https:\/\/henrykskarzynski.pl\/index.php?rest_route=\/wp\/v2\/pages"}],"about":[{"href":"https:\/\/henrykskarzynski.pl\/index.php?rest_route=\/wp\/v2\/types\/page"}],"author":[{"embeddable":true,"href":"https:\/\/henrykskarzynski.pl\/index.php?rest_route=\/wp\/v2\/users\/3"}],"replies":[{"embeddable":true,"href":"https:\/\/henrykskarzynski.pl\/index.php?rest_route=%2Fwp%2Fv2%2Fcomments&post=14749"}],"version-history":[{"count":44,"href":"https:\/\/henrykskarzynski.pl\/index.php?rest_route=\/wp\/v2\/pages\/14749\/revisions"}],"predecessor-version":[{"id":24377,"href":"https:\/\/henrykskarzynski.pl\/index.php?rest_route=\/wp\/v2\/pages\/14749\/revisions\/24377"}],"wp:attachment":[{"href":"https:\/\/henrykskarzynski.pl\/index.php?rest_route=%2Fwp%2Fv2%2Fmedia&parent=14749"}],"curies":[{"name":"wp","href":"https:\/\/api.w.org\/{rel}","templated":true}]}}