{"id":1391,"date":"2014-08-06T14:11:11","date_gmt":"2013-09-16T19:54:11","guid":{"rendered":"http:\/\/178.216.200.219\/?p=1391"},"modified":"2015-11-06T08:08:19","modified_gmt":"2015-11-06T08:08:19","slug":"wizyty-przedstawicieli-organizacji-pozarzadowych","status":"publish","type":"page","link":"https:\/\/henrykskarzynski.pl\/?page_id=1391&lang=pl","title":{"rendered":"Wizyty przedstawicieli organizacji pozarz\u0105dowych"},"content":{"rendered":"<table style=\"height: 248px;\" border=\"0\"  cellspacing=\"1\" cellpadding=\"1\">\n<tbody>\n<tr>\n<td>2001 r.<\/td>\n<td><a href=\"\/pl\/podziekowania\/wystawa-blizej-europy-.html\">Ryszard Konwerski<\/a>, Prezes Polskiego Klubu Biznesu<\/td>\n<\/tr>\n<tr>\n<td>2005 r.<\/td>\n<td><a href=\"\/pl\/podziekowania\/fundacja-polsat.html\">Ma\u0142gorzata \u017bak<\/a>, Prezes Fundacji Polsat<\/td>\n<\/tr>\n<tr>\n<td>2006 r.<\/td>\n<td><a href=\"\/pl\/podziekowania\/fundacja-tvn-nie-jestes-sam-.html\">Bo\u017cena Walter<\/a>, Prezes Fundacji TVN \u201eNie jeste\u015b sam\u201d<\/td>\n<\/tr>\n<tr>\n<td>2011 r.<\/td>\n<td><a href=\"\/pl\/podziekowania\/order-ecce-homo.html\">Henryka Krzywonos<\/a><\/td>\n<\/tr>\n<tr>\n<td>2013 r.<\/td>\n<td><a href=\"\/pl\/aktualnosci\/profesor-henryk-skarzynski-odznaczony-przez-dzieci.html\">Henryka Krzywonos<\/a><\/td>\n<\/tr>\n<\/tbody>\n<\/table>\n<p>&nbsp;<\/p>\n","protected":false},"excerpt":{"rendered":"<p>2001 r. Ryszard Konwerski, Prezes Polskiego Klubu Biznesu 2005 r. Ma\u0142gorzata \u017bak, Prezes Fundacji Polsat 2006 r. Bo\u017cena Walter, Prezes Fundacji TVN \u201eNie jeste\u015b sam\u201d 2011 r. Henryka Krzywonos 2013 r. Henryka Krzywonos &nbsp;<\/p>\n","protected":false},"author":3,"featured_media":0,"parent":0,"menu_order":45,"comment_status":"closed","ping_status":"closed","template":"","meta":{"footnotes":""},"class_list":["post-1391","page","type-page","status-publish","hentry"],"_links":{"self":[{"href":"https:\/\/henrykskarzynski.pl\/index.php?rest_route=\/wp\/v2\/pages\/1391","targetHints":{"allow":["GET"]}}],"collection":[{"href":"https:\/\/henrykskarzynski.pl\/index.php?rest_route=\/wp\/v2\/pages"}],"about":[{"href":"https:\/\/henrykskarzynski.pl\/index.php?rest_route=\/wp\/v2\/types\/page"}],"author":[{"embeddable":true,"href":"https:\/\/henrykskarzynski.pl\/index.php?rest_route=\/wp\/v2\/users\/3"}],"replies":[{"embeddable":true,"href":"https:\/\/henrykskarzynski.pl\/index.php?rest_route=%2Fwp%2Fv2%2Fcomments&post=1391"}],"version-history":[{"count":0,"href":"https:\/\/henrykskarzynski.pl\/index.php?rest_route=\/wp\/v2\/pages\/1391\/revisions"}],"wp:attachment":[{"href":"https:\/\/henrykskarzynski.pl\/index.php?rest_route=%2Fwp%2Fv2%2Fmedia&parent=1391"}],"curies":[{"name":"wp","href":"https:\/\/api.w.org\/{rel}","templated":true}]}}