{"id":1226,"date":"2013-04-30T12:37:31","date_gmt":"2013-12-09T14:01:02","guid":{"rendered":"http:\/\/178.216.200.219\/?p=1226"},"modified":"2024-12-10T13:08:30","modified_gmt":"2024-12-10T13:08:30","slug":"patenty","status":"publish","type":"page","link":"https:\/\/henrykskarzynski.pl\/?page_id=1226&lang=pl","title":{"rendered":"Patenty"},"content":{"rendered":"<ul>\n<li>Skar\u017cy\u0144ski H. (wsp\u00f3\u0142autor), Spos\u00f3b i system diagnostyki s\u0142uchu, Zg\u0142oszenie patentowe P.450019 (2024)<\/li>\n<li>Skar\u017cy\u0144ski H., Czy\u017cewski A., Nowa metoda terapii psycho-audio-lingwistycznej (Metoda SPS \u2013 Metoda Stymulacji Percepcji Sensorycznej Skar\u017cy\u0144skiego) (2010)<\/li>\n<li>Skar\u017cy\u0144ski H., Czy\u017cewski A.: A portable audio device, a system and a way of exercising aural acuity, PCT application No. P 387631 (2009)<\/li>\n<li>Czy\u017cewski A., Skar\u017cy\u0144ski H., Kostek B.: Bezkontaktowy aparat s\u0142uchowy, Zg\u0142oszenie patentowe nr P. 381794 (2007)<\/li>\n<li>Kochanek K., Skar\u017cy\u0144ski H., Pietraszek S., \u017bebro M., Smurzy\u0144ski J., Mazur J.: Urz\u0105dzenie do bada\u0144 przesiewowych s\u0142uchu. Nr zg\u0142oszenia do UPRP: P 356 571 (2005)<\/li>\n<li>Czy\u017cewski A., Skar\u017cy\u0144ski H., Kostek B., Mazur J.: Method of testing hearing by means of personal computers. International Application Published Under the Patent Cooperation Treaty, No WO 00\/64350 (2002)<\/li>\n<li>Czy\u017cewski A., Skar\u017cy\u0144ski H., Kostek B.: Method and system for the diagnostics and rehabilitation of Tinnitus patients. International Application Published Under the Patent Cooperation Treaty, No WO 02\/42986 A1 (2002)<\/li>\n<li>Czy\u017cewski A., Skar\u017cy\u0144ski H., Kostek B.: Therapy system and device for speech articulation. International Application Published Under the Patent Cooperation Treaty, No WO 02\/39423 A1 (2002)<\/li>\n<li>Czy\u017cewski A., Skar\u017cy\u0144ski H., Kostek B., Szaflik J.: Visual screening tests by means of computers. International Application Published Under the Patent Cooperation Treaty, No WO 02\/39754 A1 (2002)<\/li>\n<li>Skar\u017cy\u0144ski H., Czy\u017cewski A.: Spos\u00f3b dokonywania pomiar\u00f3w audiometrycznych przy wykorzystaniu komputera oraz uk\u0142ad do tego celu. Patent krajowy (2001)<\/li>\n<li>Skar\u017cy\u0144ski H.: Rurka z tworzyw sztucznych do tracheostomii. Nr W \u2013 96424. Patent krajowy (2000)<\/li>\n<li>Skar\u017cy\u0144ski H. Protezka do rekonstrukcji uk\u0142adu transmisyjnego w uchu \u015brodkowym. Nr W \u2013 96425. Patent krajowy (2000)<\/li>\n<li>Skar\u017cy\u0144ski H.: Ceramiczne protezki s\u0142uchowe. Patent krajowy (2000)<\/li>\n<li>Skar\u017cy\u0144ski H.(wsp\u00f3\u0142autor): Przyrz\u0105d do tamowania krwotok\u00f3w z jamy nosowej. Nr W \u2013 92162. Patent krajowy (1999)<\/li>\n<li>Skar\u017cy\u0144ski H.(wsp\u00f3\u0142autor): Zag\u0142\u0119bnik do leczenia zatok nosa. Nr W \u2013 96421. Patent krajowy (1992)<\/li>\n<\/ul>\n","protected":false},"excerpt":{"rendered":"<p>Skar\u017cy\u0144ski H. (wsp\u00f3\u0142autor), Spos\u00f3b i system diagnostyki s\u0142uchu, Zg\u0142oszenie patentowe P.450019 (2024) Skar\u017cy\u0144ski H., Czy\u017cewski A., Nowa metoda terapii psycho-audio-lingwistycznej (Metoda SPS \u2013 Metoda Stymulacji Percepcji Sensorycznej Skar\u017cy\u0144skiego) (2010) Skar\u017cy\u0144ski H., Czy\u017cewski A.: A portable audio device, a system and ..<\/p>\n<div class=\"reading\"><a href=\"https:\/\/henrykskarzynski.pl\/?page_id=1226&#038;lang=pl\">&gt;&gt;&gt;<\/a><\/div>\n","protected":false},"author":3,"featured_media":0,"parent":0,"menu_order":25,"comment_status":"closed","ping_status":"closed","template":"","meta":{"footnotes":""},"class_list":["post-1226","page","type-page","status-publish","hentry"],"_links":{"self":[{"href":"https:\/\/henrykskarzynski.pl\/index.php?rest_route=\/wp\/v2\/pages\/1226","targetHints":{"allow":["GET"]}}],"collection":[{"href":"https:\/\/henrykskarzynski.pl\/index.php?rest_route=\/wp\/v2\/pages"}],"about":[{"href":"https:\/\/henrykskarzynski.pl\/index.php?rest_route=\/wp\/v2\/types\/page"}],"author":[{"embeddable":true,"href":"https:\/\/henrykskarzynski.pl\/index.php?rest_route=\/wp\/v2\/users\/3"}],"replies":[{"embeddable":true,"href":"https:\/\/henrykskarzynski.pl\/index.php?rest_route=%2Fwp%2Fv2%2Fcomments&post=1226"}],"version-history":[{"count":3,"href":"https:\/\/henrykskarzynski.pl\/index.php?rest_route=\/wp\/v2\/pages\/1226\/revisions"}],"predecessor-version":[{"id":24776,"href":"https:\/\/henrykskarzynski.pl\/index.php?rest_route=\/wp\/v2\/pages\/1226\/revisions\/24776"}],"wp:attachment":[{"href":"https:\/\/henrykskarzynski.pl\/index.php?rest_route=%2Fwp%2Fv2%2Fmedia&parent=1226"}],"curies":[{"name":"wp","href":"https:\/\/api.w.org\/{rel}","templated":true}]}}